{"id":114,"date":"2013-03-14T10:18:23","date_gmt":"2013-03-14T07:18:23","guid":{"rendered":"http:\/\/www.lsvoitelu.fi\/?page_id=114"},"modified":"2013-03-14T10:18:23","modified_gmt":"2013-03-14T07:18:23","slug":"valkooljyt","status":"publish","type":"page","link":"https:\/\/www.lsvoitelu.fi\/web\/valkooljyt\/","title":{"rendered":"VALKO\u00d6LJYT"},"content":{"rendered":"<div class=\"su-spoiler su-spoiler-style-default su-spoiler-icon-plus su-spoiler-closed\" data-scroll-offset=\"0\" data-anchor-in-url=\"no\"><div class=\"su-spoiler-title\" tabindex=\"0\" role=\"button\"><span class=\"su-spoiler-icon\"><\/span>ESSO : : PRIMOL 352 - Lis\u00e4tiedot<\/div><div class=\"su-spoiler-content su-u-clearfix su-u-trim\">\n<p>Kuvaus:<br \/>\nKirkas PRIMOL 352\u00a0 L\u00e4\u00e4kkeellinen valko\u00f6ljy, IsoVg 68<br \/>\nAstiakoot: 185 kg  <\/p>\n<\/div><\/div>\n<div class=\"su-spoiler su-spoiler-style-default su-spoiler-icon-plus su-spoiler-closed\" data-scroll-offset=\"0\" data-anchor-in-url=\"no\"><div class=\"su-spoiler-title\" tabindex=\"0\" role=\"button\"><span class=\"su-spoiler-icon\"><\/span>ESSO : : MARCOL 82 - Lis\u00e4tiedot<\/div><div class=\"su-spoiler-content su-u-clearfix su-u-trim\">\n<p>Kuvaus:<br \/>\nKirkas MARCOL 82\u00a0 L\u00e4\u00e4kkeellinen valko\u00f6ljy, IsoVg 15<br \/>\nAstiakoot: 180 kg   <\/p>\n<\/div><\/div>\n<div class=\"su-spoiler su-spoiler-style-default su-spoiler-icon-plus su-spoiler-closed\" data-scroll-offset=\"0\" data-anchor-in-url=\"no\"><div class=\"su-spoiler-title\" tabindex=\"0\" role=\"button\"><span class=\"su-spoiler-icon\"><\/span>SHELL : : ONDINA 919 - Lis\u00e4tiedot<\/div><div class=\"su-spoiler-content su-u-clearfix su-u-trim\">\n<p>Kuvaus:<br \/>\n&#8212; POISTUNUT MARKKINOILTA &#8212;<br \/>\nL\u00e4\u00e4kevalko\u00f6ljy, IsoVg 21<br \/>\nAstiakoot: 209L, 20 litran pakkauskoko lopetettu<br \/>\n&#8212;- Uudet tuotteet tulossa; Ondina X 420 (isoVg 18), 415 (isoVg 9,8), 430 (isoVg 43), 432 (isoVg 59)<br \/>\n<\/div><\/div>\n<div class=\"su-spoiler su-spoiler-style-default su-spoiler-icon-plus su-spoiler-closed\" data-scroll-offset=\"0\" data-anchor-in-url=\"no\"><div class=\"su-spoiler-title\" tabindex=\"0\" role=\"button\"><span class=\"su-spoiler-icon\"><\/span>SHELL : : ONDINA 927 - Lis\u00e4tiedot<\/div><div class=\"su-spoiler-content su-u-clearfix su-u-trim\">\n<p>Kuvaus:<br \/>\n&#8212; POISTUNUT MARKKINOILTA &#8212;<br \/>\nL\u00e4\u00e4kevalko\u00f6ljy, IsoVg 31<br \/>\nAstiakoot: 209L, 20 litran pakkauskoko lopetettu<\/p>\n<\/div><\/div>\n<div class=\"su-spoiler su-spoiler-style-default su-spoiler-icon-plus su-spoiler-closed\" data-scroll-offset=\"0\" data-anchor-in-url=\"no\"><div class=\"su-spoiler-title\" tabindex=\"0\" role=\"button\"><span class=\"su-spoiler-icon\"><\/span>NESTE : : TECHNICAL WHITE OIL S - Lis\u00e4tiedot<\/div><div class=\"su-spoiler-content su-u-clearfix su-u-trim\">\n<p>Kuvaus:<br \/>\nTekninen valko\u00f6ljy. T\u00e4ysin synteettinen polyalfaolefiini\u00f6ljy, joka t\u00e4ytt\u00e4\u00e4 teknisille valko\u00f6ljyille asetetut laatuvaatimukset. Kest\u00e4\u00e4 erinomaisesti pakkasta soveltuen siten mm. elintarviketeollisuuden kylmien tilojen voitelukohteisiin. kohteisiin. \u00d6ljyn haihtumish\u00e4vi\u00f6 on minimaalinen. IsoVg 22, j\u00e4hmepiste -69\u00b0C.<\/p>\n<p>\u00d6ljy\u00e4 k\u00e4ytet\u00e4\u00e4n esim. elintarviketeollisuuden ja teknisen l\u00e4\u00e4kealan sovelluksissa kuten typpi-, hiilidioksidi- ja ilmakompressoreissa.<br \/>\nAstiakoot: 20L<\/p>\n<\/div><\/div>\n<div class=\"su-spoiler su-spoiler-style-default su-spoiler-icon-plus su-spoiler-closed\" data-scroll-offset=\"0\" data-anchor-in-url=\"no\"><div class=\"su-spoiler-title\" tabindex=\"0\" role=\"button\"><span class=\"su-spoiler-icon\"><\/span>FUCHS : : WEISSOEL W 530 - Lis\u00e4tiedot<\/div><div class=\"su-spoiler-content su-u-clearfix su-u-trim\">\nKuvaus:<br \/>\nL\u00e4\u00e4kkeellinen valko\u00f6ljy, isoVg 68<br \/>\nAstiakoot: 205L ja 20L<\/p>\n<\/div><\/div>\n<div class=\"su-spoiler su-spoiler-style-default su-spoiler-icon-plus su-spoiler-closed\" data-scroll-offset=\"0\" data-anchor-in-url=\"no\"><div class=\"su-spoiler-title\" tabindex=\"0\" role=\"button\"><span class=\"su-spoiler-icon\"><\/span>FUCHS : : WEISSOEL W 118 - Lis\u00e4tiedot<\/div><div class=\"su-spoiler-content su-u-clearfix su-u-trim\">\n<p>Kuvaus:<br \/>\nTekninen valko\u00f6ljy, isoVg 16<br \/>\nAstiakoot: 205L ja 20L<\/p>\n<\/div><\/div>\n<div class=\"su-spoiler su-spoiler-style-default su-spoiler-icon-plus su-spoiler-closed\" data-scroll-offset=\"0\" data-anchor-in-url=\"no\"><div class=\"su-spoiler-title\" tabindex=\"0\" role=\"button\"><span class=\"su-spoiler-icon\"><\/span>FUCHS : : WEISSOEL W 505 - Lis\u00e4tiedot<\/div><div class=\"su-spoiler-content su-u-clearfix su-u-trim\">\n<p>Kuvaus:<br \/>\nL\u00e4\u00e4kkeellinen valko\u00f6ljy, isoVg 16<br \/>\nAstiakoot: 205L ja 20L<\/p>\n<\/div><\/div>\n","protected":false},"excerpt":{"rendered":"","protected":false},"author":1,"featured_media":0,"parent":0,"menu_order":0,"comment_status":"open","ping_status":"open","template":"","meta":{"footnotes":""},"_links":{"self":[{"href":"https:\/\/www.lsvoitelu.fi\/web\/wp-json\/wp\/v2\/pages\/114"}],"collection":[{"href":"https:\/\/www.lsvoitelu.fi\/web\/wp-json\/wp\/v2\/pages"}],"about":[{"href":"https:\/\/www.lsvoitelu.fi\/web\/wp-json\/wp\/v2\/types\/page"}],"author":[{"embeddable":true,"href":"https:\/\/www.lsvoitelu.fi\/web\/wp-json\/wp\/v2\/users\/1"}],"replies":[{"embeddable":true,"href":"https:\/\/www.lsvoitelu.fi\/web\/wp-json\/wp\/v2\/comments?post=114"}],"version-history":[{"count":0,"href":"https:\/\/www.lsvoitelu.fi\/web\/wp-json\/wp\/v2\/pages\/114\/revisions"}],"wp:attachment":[{"href":"https:\/\/www.lsvoitelu.fi\/web\/wp-json\/wp\/v2\/media?parent=114"}],"curies":[{"name":"wp","href":"https:\/\/api.w.org\/{rel}","templated":true}]}}