{"id":2,"date":"2010-06-21T12:04:41","date_gmt":"2010-06-21T09:04:41","guid":{"rendered":"http:\/\/www.lsvoitelu.fi\/lotky2010\/?page_id=2"},"modified":"2026-01-26T09:48:37","modified_gmt":"2026-01-26T07:48:37","slug":"about","status":"publish","type":"page","link":"https:\/\/www.lsvoitelu.fi\/web\/","title":{"rendered":""},"content":{"rendered":"<p>Osoitteemme on<strong> Hevosenkenk\u00e4 18 H4, 28430 PORI.<\/strong> Tee tilaus tai tarjouspyynt\u00f6 helposti s\u00e4hk\u00f6postilla <strong><a href=\"mailto:oljytukku@lotky.com\"><u>t\u00e4st\u00e4<\/u><\/a><\/strong> tai soita numeroon <strong>044 535 1500<\/strong><\/p>\n<p>Valikoimissamme ovat maailman ja Suomen suurimmat \u00f6ljymerkit: <strong>Mobil, Shell, Castrol, Valvoline, Neste, Teboil, Fuchs, Gulf<\/strong> sek\u00e4 muut tarpeelliset laatumerkit: <strong>Rocol, Tectyl, Kl\u00fcber, Liqui Moly, Champion, Cimcool, Total, Matrix, Molykote, Eko 100, IRMCO, X1R, Payback. <\/strong>N\u00e4iden lis\u00e4ksi saatavissa pesunesteet, j\u00e4\u00e4hdytinnesteet ja teollisuuskemikaalit. Meilt\u00e4 tilaat k\u00e4tev\u00e4sti yhdell\u00e4 kerralla kaikki merkitt\u00e4v\u00e4t laatutuotteet &#8211; Tartu toimeen ja kysy tarjousta! Valmistajakohtainen rahtivapaa er\u00e4 200L \/ 180 kg.<\/p>\n<h1>Verkkokauppa<\/h1>\n<p><strong>Siirry t\u00e4st\u00e4 <u><a href=\"http:\/\/www.lotky.fi\/kauppa\">www.lotky.fi\/kauppa<\/a><\/u><\/strong><br \/>\n<a href=\"http:\/\/www.lotky.fi\/kauppa\"><img loading=\"lazy\" decoding=\"async\" class=\"alignnone wp-image-508 size-full\" src=\"https:\/\/www.lsvoitelu.fi\/lotky2010\/wp-content\/uploads\/2010\/06\/verkkokauppa2016.png\" alt=\"verkkokauppa2020\" width=\"536\" height=\"166\" \/><\/a><\/p>\n<div class=\"su-row\"><div class=\"su-column su-column-size-1-2\"><div class=\"su-column-inner su-u-clearfix su-u-trim\"><strong>Ville Hietanen<\/strong><br \/>\np. <a href=\"tel:040 5833 838\">040 5833 838<\/a><\/div><\/div>\n<div class=\"su-column su-column-size-1-2\"><div class=\"su-column-inner su-u-clearfix su-u-trim\"><strong>Tuomo Hassi<\/strong><br \/>\np. <a href=\"tel:045 3106 070\">045 3106 070<\/a><\/div><\/div><\/div>\n<p>&nbsp;<\/p>\n<p><img loading=\"lazy\" decoding=\"async\" class=\"wp-image-1455 size-medium aligncenter\" src=\"https:\/\/www.lsvoitelu.fi\/web\/wp-content\/uploads\/2026\/01\/STANDING_BLACK_1080x952-300x264.png\" alt=\"\" width=\"300\" height=\"264\" srcset=\"https:\/\/www.lsvoitelu.fi\/web\/wp-content\/uploads\/2026\/01\/STANDING_BLACK_1080x952-300x264.png 300w, https:\/\/www.lsvoitelu.fi\/web\/wp-content\/uploads\/2026\/01\/STANDING_BLACK_1080x952-1024x903.png 1024w, https:\/\/www.lsvoitelu.fi\/web\/wp-content\/uploads\/2026\/01\/STANDING_BLACK_1080x952-768x677.png 768w, https:\/\/www.lsvoitelu.fi\/web\/wp-content\/uploads\/2026\/01\/STANDING_BLACK_1080x952.png 1080w\" sizes=\"(max-width: 300px) 100vw, 300px\" \/><\/p>\n<p>&nbsp;<\/p>\n","protected":false},"excerpt":{"rendered":"<p>Osoitteemme on Hevosenkenk\u00e4 18 H4, 28430 PORI. Tee tilaus tai tarjouspyynt\u00f6 helposti s\u00e4hk\u00f6postilla t\u00e4st\u00e4 tai soita numeroon 044 535 1500&hellip;<\/p>\n","protected":false},"author":1,"featured_media":0,"parent":0,"menu_order":1,"comment_status":"closed","ping_status":"closed","template":"","meta":{"footnotes":""},"_links":{"self":[{"href":"https:\/\/www.lsvoitelu.fi\/web\/wp-json\/wp\/v2\/pages\/2"}],"collection":[{"href":"https:\/\/www.lsvoitelu.fi\/web\/wp-json\/wp\/v2\/pages"}],"about":[{"href":"https:\/\/www.lsvoitelu.fi\/web\/wp-json\/wp\/v2\/types\/page"}],"author":[{"embeddable":true,"href":"https:\/\/www.lsvoitelu.fi\/web\/wp-json\/wp\/v2\/users\/1"}],"replies":[{"embeddable":true,"href":"https:\/\/www.lsvoitelu.fi\/web\/wp-json\/wp\/v2\/comments?post=2"}],"version-history":[{"count":84,"href":"https:\/\/www.lsvoitelu.fi\/web\/wp-json\/wp\/v2\/pages\/2\/revisions"}],"predecessor-version":[{"id":1456,"href":"https:\/\/www.lsvoitelu.fi\/web\/wp-json\/wp\/v2\/pages\/2\/revisions\/1456"}],"wp:attachment":[{"href":"https:\/\/www.lsvoitelu.fi\/web\/wp-json\/wp\/v2\/media?parent=2"}],"curies":[{"name":"wp","href":"https:\/\/api.w.org\/{rel}","templated":true}]}}