{"id":249,"date":"2013-03-06T04:45:44","date_gmt":"2013-03-06T01:45:44","guid":{"rendered":"http:\/\/www.lsvoitelu.fi\/?page_id=249"},"modified":"2022-09-29T14:19:40","modified_gmt":"2022-09-29T11:19:40","slug":"liuottimet","status":"publish","type":"page","link":"https:\/\/www.lsvoitelu.fi\/web\/pesuaineet\/liuottimet\/","title":{"rendered":"Liuottimet, ohentimet"},"content":{"rendered":"<div class=\"su-spoiler su-spoiler-style-default su-spoiler-icon-plus su-spoiler-closed\" data-scroll-offset=\"0\" data-anchor-in-url=\"no\"><div class=\"su-spoiler-title\" tabindex=\"0\" role=\"button\"><span class=\"su-spoiler-icon\"><\/span>S-TAROIL : : NOX VAX - Lis\u00e4tiedot<\/div><div class=\"su-spoiler-content su-u-clearfix su-u-trim\">\n<p>Kuvaus:<\/p>\n<p><strong>Nox wax <\/strong><br \/>\nHiilivetypohjainen emulgoituva liuotinpesuaine rasvan ja pien poistoon.<\/p>\n<p>Soveltuu my\u00f6s moottorin ja moottorinosien pesuun.<\/p>\n<p>Astiakoot 200L, 10L ja 1L (=12)<\/p>\n<\/div><\/div>\n<div class=\"su-spoiler su-spoiler-style-default su-spoiler-icon-plus su-spoiler-closed\" data-scroll-offset=\"0\" data-anchor-in-url=\"no\"><div class=\"su-spoiler-title\" tabindex=\"0\" role=\"button\"><span class=\"su-spoiler-icon\"><\/span>S-TAROIL : : ASETONI - Lis\u00e4tiedot<\/div><div class=\"su-spoiler-content su-u-clearfix su-u-trim\">\n<p>Kuvaus:<\/p>\n<p><strong>Asetoni<\/strong><br \/>\nMaalin, lakkojen ja liimojen ohentamiseen, sek\u00e4 liima- ja maalitahrojen puhdistukseen.<\/p>\n<p>Astiakoot 200L, 10L ja 1L (=12)<\/p>\n<\/div><\/div>\n<div class=\"su-spoiler su-spoiler-style-default su-spoiler-icon-plus su-spoiler-closed\" data-scroll-offset=\"0\" data-anchor-in-url=\"no\"><div class=\"su-spoiler-title\" tabindex=\"0\" role=\"button\"><span class=\"su-spoiler-icon\"><\/span>S-TAROIL : : TINNERI - Lis\u00e4tiedot<\/div><div class=\"su-spoiler-content su-u-clearfix su-u-trim\">\n<p>Kuvaus:<\/p>\n<p><strong>Tinneri<\/strong><br \/>\nTarkoitettu maalien ja lakkojen ohentamiseen sek\u00e4 ruiskujen ym. puhdistukseen.<\/p>\n<p>Astiakoot 200L, 10L<\/p>\n<\/div><\/div>\n<div class=\"su-spoiler su-spoiler-style-default su-spoiler-icon-plus su-spoiler-closed\" data-scroll-offset=\"0\" data-anchor-in-url=\"no\"><div class=\"su-spoiler-title\" tabindex=\"0\" role=\"button\"><span class=\"su-spoiler-icon\"><\/span>S-TAROIL : : KSYLEENI - Lis\u00e4tiedot<\/div><div class=\"su-spoiler-content su-u-clearfix su-u-trim\">\n<p>Kuvaus:<\/p>\n<p><strong>Ksyleeni<\/strong><br \/>\nAlkydi- ja epoksimaalien sek\u00e4 lakkojen ohenne.<\/p>\n<p>Soveltuu my\u00f6s kuivuneiden liimatahrojen puhdistukseen muovipinnoilta sek\u00e4 mm. vaatteista.<\/p>\n<p>Astiakoot 200L, 10L<\/p>\n<\/div><\/div>\n<div class=\"su-spoiler su-spoiler-style-default su-spoiler-icon-plus su-spoiler-closed\" data-scroll-offset=\"0\" data-anchor-in-url=\"no\"><div class=\"su-spoiler-title\" tabindex=\"0\" role=\"button\"><span class=\"su-spoiler-icon\"><\/span>NESTE : : NESSOL LI 200 - Lis\u00e4tiedot<\/div><div class=\"su-spoiler-content su-u-clearfix su-u-trim\">\n<p>Kuvaus:<\/p>\n<p>HIILIVETYLIUOTIN<\/p>\n<p>Tunnetaan my\u00f6s nimill\u00e4 White Spirit, mineraalit\u00e4rp\u00e4tti ja lakkabensiini. K\u00e4ytt\u00f6: ohentimena maaleissa, liuottimena, maalausv\u00e4lineiden pesuaineena, rasvan poistossa ja bitumien ohennuksessa. Kuivapesuun &#8211; \u00c4l\u00e4 sekoita vett\u00e4\/veteen.<\/p>\n<p>Astiakoot 200L<\/p>\n<\/div><\/div>\n<div class=\"su-spoiler su-spoiler-style-default su-spoiler-icon-plus su-spoiler-closed\" data-scroll-offset=\"0\" data-anchor-in-url=\"no\"><div class=\"su-spoiler-title\" tabindex=\"0\" role=\"button\"><span class=\"su-spoiler-icon\"><\/span>NESTE : : NESSOL LI 200E - Lis\u00e4tiedot<\/div><div class=\"su-spoiler-content su-u-clearfix su-u-trim\">\n<p>Kuvaus:<\/p>\n<p>Perinteinen HIILIVETYLIUOTIN emulgaattorilla. (Tunnetaan my\u00f6s nimell\u00e4 White Spirit.) Puhdistaa pinnat tiesuolasta, piest\u00e4, rasvasta ym. Nopeammin haituva kuin LIAV 230E.<\/p>\n<p>Astiakoot 200L<\/p>\n<\/div><\/div>\n<div class=\"su-spoiler su-spoiler-style-default su-spoiler-icon-plus su-spoiler-closed\" data-scroll-offset=\"0\" data-anchor-in-url=\"no\"><div class=\"su-spoiler-title\" tabindex=\"0\" role=\"button\"><span class=\"su-spoiler-icon\"><\/span>NESTE : : NESSOL LIAV 230E - Lis\u00e4tiedot<\/div><div class=\"su-spoiler-content su-u-clearfix su-u-trim\">\n<p>Kuvaus:<\/p>\n<p>Veteen emulgoituva aromaattivapaa HIILIVETYLIUOTIN.\u00a0 Auton pesuun, moottorin pesuun, pensseleiden puhdistukseen, painov\u00e4rien ja -telojen puhdistukseen. Voidaan k\u00e4ytt\u00e4\u00e4 sellaisenaan tai veteen sekoitettuna.<\/p>\n<p>Astiakoot 200L ja 20L<\/p>\n<\/div><\/div>\n<div class=\"su-spoiler su-spoiler-style-default su-spoiler-icon-plus su-spoiler-closed\" data-scroll-offset=\"0\" data-anchor-in-url=\"no\"><div class=\"su-spoiler-title\" tabindex=\"0\" role=\"button\"><span class=\"su-spoiler-icon\"><\/span>NESTE : : NESSOL LIAV 250 - Lis\u00e4tiedot<\/div><div class=\"su-spoiler-content su-u-clearfix su-u-trim\">\n<p>Kuvaus:<\/p>\n<p>Puhdistettu hitaasti haihtuva aromaattivapaa hiilivetyliuotin. K\u00e4ytt\u00f6: polttoaineena hiilidioksidin aikaansaamiseksi kasvihuoneissa sek\u00e4 polttoaineena l\u00e4mmittimiss\u00e4 ja valaistuksessa. My\u00f6s <span style=\"color: #0000ff;\">alumiinin valssaus ja poraus -aineena.<\/span><\/p>\n<p>Astiakoot 200L<\/p>\n<\/div><\/div>\n<div class=\"su-spoiler su-spoiler-style-default su-spoiler-icon-plus su-spoiler-closed\" data-scroll-offset=\"0\" data-anchor-in-url=\"no\"><div class=\"su-spoiler-title\" tabindex=\"0\" role=\"button\"><span class=\"su-spoiler-icon\"><\/span>NESTE : : NESSOL LIAV 250 - Lis\u00e4tiedot<\/div><div class=\"su-spoiler-content su-u-clearfix su-u-trim\">\n<p>Kuvaus:<\/p>\n<p>Puhdistettu hitaasti haihtuva aromaattivapaa hiilivetyliuotin. K\u00e4ytt\u00f6: polttoaineena hiilidioksidin aikaansaamiseksi kasvihuoneissa sek\u00e4 polttoaineena l\u00e4mmittimiss\u00e4 ja valaistuksessa. My\u00f6s alumiinin valssaus ja poraus -aineena.<\/p>\n<p>Astiakoot 200L<\/p>\n<\/div><\/div>\n<div class=\"su-spoiler su-spoiler-style-default su-spoiler-icon-plus su-spoiler-closed\" data-scroll-offset=\"0\" data-anchor-in-url=\"no\"><div class=\"su-spoiler-title\" tabindex=\"0\" role=\"button\"><span class=\"su-spoiler-icon\"><\/span>NESTE : : NESSOL LIAV 230 - Lis\u00e4tiedot<\/div><div class=\"su-spoiler-content su-u-clearfix su-u-trim\">\n<p>Kuvaus:<\/p>\n<p>Puhdistettu hitaasti haihtuva aromaattivapaa hiilivetyliuotin.\u00a0 K\u00e4ytt\u00f6:\u00a0 rasvan, ruosteenestoaineen, \u00f6ljyn puhdistuksiin ja allaspesuun (my\u00f6s &#8221;vesipatjalle&#8221;). My\u00f6s l\u00e4mmityspetrolina.<\/p>\n<p>Astiakoot 200L ja 20L<\/p>\n<\/div><\/div>\n<p>&nbsp;<\/p>\n","protected":false},"excerpt":{"rendered":"<p>&nbsp;<\/p>\n","protected":false},"author":1,"featured_media":0,"parent":174,"menu_order":0,"comment_status":"closed","ping_status":"closed","template":"","meta":{"footnotes":""},"_links":{"self":[{"href":"https:\/\/www.lsvoitelu.fi\/web\/wp-json\/wp\/v2\/pages\/249"}],"collection":[{"href":"https:\/\/www.lsvoitelu.fi\/web\/wp-json\/wp\/v2\/pages"}],"about":[{"href":"https:\/\/www.lsvoitelu.fi\/web\/wp-json\/wp\/v2\/types\/page"}],"author":[{"embeddable":true,"href":"https:\/\/www.lsvoitelu.fi\/web\/wp-json\/wp\/v2\/users\/1"}],"replies":[{"embeddable":true,"href":"https:\/\/www.lsvoitelu.fi\/web\/wp-json\/wp\/v2\/comments?post=249"}],"version-history":[{"count":2,"href":"https:\/\/www.lsvoitelu.fi\/web\/wp-json\/wp\/v2\/pages\/249\/revisions"}],"predecessor-version":[{"id":1249,"href":"https:\/\/www.lsvoitelu.fi\/web\/wp-json\/wp\/v2\/pages\/249\/revisions\/1249"}],"up":[{"embeddable":true,"href":"https:\/\/www.lsvoitelu.fi\/web\/wp-json\/wp\/v2\/pages\/174"}],"wp:attachment":[{"href":"https:\/\/www.lsvoitelu.fi\/web\/wp-json\/wp\/v2\/media?parent=249"}],"curies":[{"name":"wp","href":"https:\/\/api.w.org\/{rel}","templated":true}]}}