{"id":435,"date":"2015-01-14T15:27:14","date_gmt":"2015-01-14T12:27:14","guid":{"rendered":"http:\/\/www.lsvoitelu.fi\/?page_id=435"},"modified":"2026-01-26T17:34:07","modified_gmt":"2026-01-26T15:34:07","slug":"tarjouspyynto","status":"publish","type":"page","link":"https:\/\/www.lsvoitelu.fi\/web\/tarjouspyynto\/","title":{"rendered":"Tarjouspyynt\u00f6"},"content":{"rendered":"\n<div class=\"wpcf7 no-js\" id=\"wpcf7-f436-o1\" lang=\"fi\" dir=\"ltr\">\n<div class=\"screen-reader-response\"><p role=\"status\" aria-live=\"polite\" aria-atomic=\"true\"><\/p> <ul><\/ul><\/div>\n<form action=\"\/web\/wp-json\/wp\/v2\/pages\/435#wpcf7-f436-o1\" method=\"post\" class=\"wpcf7-form init\" aria-label=\"Yhteydenottolomake\" novalidate=\"novalidate\" data-status=\"init\">\n<div style=\"display: none;\">\n<input type=\"hidden\" name=\"_wpcf7\" value=\"436\" \/>\n<input type=\"hidden\" name=\"_wpcf7_version\" value=\"5.9.8\" \/>\n<input type=\"hidden\" name=\"_wpcf7_locale\" value=\"fi\" \/>\n<input type=\"hidden\" name=\"_wpcf7_unit_tag\" value=\"wpcf7-f436-o1\" \/>\n<input type=\"hidden\" name=\"_wpcf7_container_post\" value=\"0\" \/>\n<input type=\"hidden\" name=\"_wpcf7_posted_data_hash\" value=\"\" \/>\n<\/div>\n<p><span class=\"wpcf7-form-control-wrap\" data-name=\"checkbox-693\"><span class=\"wpcf7-form-control wpcf7-checkbox wpcf7-validates-as-required\"><span class=\"wpcf7-list-item first\"><input type=\"checkbox\" name=\"checkbox-693[]\" value=\"Tarjouspyynt\u00f6\" \/><span class=\"wpcf7-list-item-label\">Tarjouspyynt\u00f6<\/span><\/span><span class=\"wpcf7-list-item last\"><input type=\"checkbox\" name=\"checkbox-693[]\" value=\"Tilaus\" \/><span class=\"wpcf7-list-item-label\">Tilaus<\/span><\/span><\/span><\/span>\n<\/p>\n<p>Tuote:\n<\/p>\n<p><span class=\"wpcf7-form-control-wrap\" data-name=\"tuote11\"><textarea cols=\"42\" rows=\"2\" maxlength=\"2000\" class=\"wpcf7-form-control wpcf7-textarea\" aria-invalid=\"false\" name=\"tuote11\"><\/textarea><\/span>\n<\/p>\n<p>Astiakoko:\n<\/p>\n<p><span class=\"wpcf7-form-control-wrap\" data-name=\"Astiakoko\"><input size=\"16\" maxlength=\"400\" class=\"wpcf7-form-control wpcf7-text\" aria-invalid=\"false\" value=\"\" type=\"text\" name=\"Astiakoko\" \/><\/span>\n<\/p>\n<p>Kappalem\u00e4\u00e4r\u00e4:\n<\/p>\n<p><span class=\"wpcf7-form-control-wrap\" data-name=\"kpl1\"><input size=\"8\" maxlength=\"400\" class=\"wpcf7-form-control wpcf7-text\" aria-invalid=\"false\" value=\"\" type=\"text\" name=\"kpl1\" \/><\/span>\n<\/p>\n<p>Lis\u00e4tiedot:\n<\/p>\n<p><span class=\"wpcf7-form-control-wrap\" data-name=\"lisatiedot\"><textarea cols=\"32\" rows=\"4\" maxlength=\"2000\" class=\"wpcf7-form-control wpcf7-textarea\" aria-invalid=\"false\" name=\"lisatiedot\"><\/textarea><\/span>\n<\/p>\n<p>* Nimi: (* pakollinen tieto)\n<\/p>\n<p><span class=\"wpcf7-form-control-wrap\" data-name=\"your-name\"><input size=\"40\" maxlength=\"400\" class=\"wpcf7-form-control wpcf7-text wpcf7-validates-as-required\" aria-required=\"true\" aria-invalid=\"false\" value=\"\" type=\"text\" name=\"your-name\" \/><\/span>\n<\/p>\n<p>* Toimitus \/ laskutusosoite (tarjouspyynt\u00f6\u00f6n riitt\u00e4\u00e4 paikkakunta):\n<\/p>\n<p><span class=\"wpcf7-form-control-wrap\" data-name=\"toimituslasku\"><textarea cols=\"30\" rows=\"2\" maxlength=\"2000\" class=\"wpcf7-form-control wpcf7-textarea wpcf7-validates-as-required\" aria-required=\"true\" aria-invalid=\"false\" name=\"toimituslasku\"><\/textarea><\/span>\n<\/p>\n<p>S\u00e4hk\u00f6posti: (* pakollinen tieto)\n<\/p>\n<p><span class=\"wpcf7-form-control-wrap\" data-name=\"your-email\"><input size=\"40\" maxlength=\"400\" class=\"wpcf7-form-control wpcf7-email wpcf7-validates-as-required wpcf7-text wpcf7-validates-as-email\" aria-required=\"true\" aria-invalid=\"false\" value=\"\" type=\"email\" name=\"your-email\" \/><\/span>\n<\/p>\n<p>Puhelin:\n<\/p>\n<p><span class=\"wpcf7-form-control-wrap\" data-name=\"Puhelin\"><input size=\"40\" maxlength=\"400\" class=\"wpcf7-form-control wpcf7-text\" aria-invalid=\"false\" value=\"\" type=\"text\" name=\"Puhelin\" \/><\/span>\n<\/p>\n<p>Haluan ett\u00e4 otatte yhteytt\u00e4 ensisijaisesti:\n<\/p>\n<p><span class=\"wpcf7-form-control-wrap\" data-name=\"yhteydenotto\"><span class=\"wpcf7-form-control wpcf7-checkbox\"><span class=\"wpcf7-list-item first\"><input type=\"checkbox\" name=\"yhteydenotto[]\" value=\"Puhelimella\" \/><span class=\"wpcf7-list-item-label\">Puhelimella<\/span><\/span><span class=\"wpcf7-list-item last\"><input type=\"checkbox\" name=\"yhteydenotto[]\" value=\"S\u00e4hk\u00f6postilla\" \/><span class=\"wpcf7-list-item-label\">S\u00e4hk\u00f6postilla<\/span><\/span><\/span><\/span>\n<\/p>\n<p>&nbsp;\n<\/p>\n<p><input class=\"wpcf7-form-control wpcf7-submit has-spinner\" type=\"submit\" value=\"&nbsp; L\u00e4het\u00e4 tarjouspyynt\u00f6 &nbsp;\" \/>\n<\/p><div class=\"wpcf7-response-output\" aria-hidden=\"true\"><\/div>\n<\/form>\n<\/div>\n\n<p>&nbsp;<\/p>\n<blockquote><p><span style=\"color: #ff0000;\"><strong><a style=\"color: #ff0000;\" href=\"mailto:oljytukku@lotky.com\">Tee tilaukset\/tarjouspyynn\u00f6t helposti s\u00e4hk\u00f6postilla <span style=\"text-decoration: underline;\">oljytukku(at)lotky.fi<br \/>\n<\/span> tai soittamalla suoraan numeroon 044 535 1500<\/a>.<\/strong><\/span><\/p><\/blockquote>\n<p>&nbsp;<\/p>\n<p>&nbsp;<\/p>\n","protected":false},"excerpt":{"rendered":"<p>&nbsp; Tee tilaukset\/tarjouspyynn\u00f6t helposti s\u00e4hk\u00f6postilla oljytukku(at)lotky.fi tai soittamalla suoraan numeroon 044 535 1500. &nbsp; &nbsp;<\/p>\n","protected":false},"author":1,"featured_media":0,"parent":0,"menu_order":0,"comment_status":"closed","ping_status":"closed","template":"","meta":{"footnotes":""},"_links":{"self":[{"href":"https:\/\/www.lsvoitelu.fi\/web\/wp-json\/wp\/v2\/pages\/435"}],"collection":[{"href":"https:\/\/www.lsvoitelu.fi\/web\/wp-json\/wp\/v2\/pages"}],"about":[{"href":"https:\/\/www.lsvoitelu.fi\/web\/wp-json\/wp\/v2\/types\/page"}],"author":[{"embeddable":true,"href":"https:\/\/www.lsvoitelu.fi\/web\/wp-json\/wp\/v2\/users\/1"}],"replies":[{"embeddable":true,"href":"https:\/\/www.lsvoitelu.fi\/web\/wp-json\/wp\/v2\/comments?post=435"}],"version-history":[{"count":1,"href":"https:\/\/www.lsvoitelu.fi\/web\/wp-json\/wp\/v2\/pages\/435\/revisions"}],"predecessor-version":[{"id":1460,"href":"https:\/\/www.lsvoitelu.fi\/web\/wp-json\/wp\/v2\/pages\/435\/revisions\/1460"}],"wp:attachment":[{"href":"https:\/\/www.lsvoitelu.fi\/web\/wp-json\/wp\/v2\/media?parent=435"}],"curies":[{"name":"wp","href":"https:\/\/api.w.org\/{rel}","templated":true}]}}