{"id":99,"date":"2013-03-06T15:10:08","date_gmt":"2013-03-06T12:10:08","guid":{"rendered":"http:\/\/www.lsvoitelu.fi\/?page_id=99"},"modified":"2013-03-06T15:10:08","modified_gmt":"2013-03-06T12:10:08","slug":"karkaisuoljy","status":"publish","type":"page","link":"https:\/\/www.lsvoitelu.fi\/web\/teollisuusvoitelu\/karkaisuoljy\/","title":{"rendered":"Karkaisu\u00f6ljy"},"content":{"rendered":"<div class=\"su-spoiler su-spoiler-style-default su-spoiler-icon-plus su-spoiler-closed\" data-scroll-offset=\"0\" data-anchor-in-url=\"no\"><div class=\"su-spoiler-title\" tabindex=\"0\" role=\"button\"><span class=\"su-spoiler-icon\"><\/span>NESTE  : :  KARKAISU\u00d6LJY  - Lis\u00e4tiedot<\/div><div class=\"su-spoiler-content su-u-clearfix su-u-trim\">\n<p>Kuvaus:<\/p>\n<p>QUENCHING Oil F karkaisu\u00f6ljy soveltuu erit. nopeaan karkaisuun mahd. pienill\u00e4 muodonmuutoksilla. Lis\u00e4aineistus parantaa karkaistavan kappaleen pinnan ja \u00f6ljyn v\u00e4list\u00e4 kosketusta sek\u00e4 antaa \u00f6ljylle huippuluokan l\u00e4mm\u00f6n- ja hapetuksenkeston. VI 114<\/p>\n<p>Astiakoot 200 L<\/p>\n<\/div><\/div>\n","protected":false},"excerpt":{"rendered":"","protected":false},"author":1,"featured_media":0,"parent":167,"menu_order":0,"comment_status":"open","ping_status":"open","template":"","meta":{"footnotes":""},"_links":{"self":[{"href":"https:\/\/www.lsvoitelu.fi\/web\/wp-json\/wp\/v2\/pages\/99"}],"collection":[{"href":"https:\/\/www.lsvoitelu.fi\/web\/wp-json\/wp\/v2\/pages"}],"about":[{"href":"https:\/\/www.lsvoitelu.fi\/web\/wp-json\/wp\/v2\/types\/page"}],"author":[{"embeddable":true,"href":"https:\/\/www.lsvoitelu.fi\/web\/wp-json\/wp\/v2\/users\/1"}],"replies":[{"embeddable":true,"href":"https:\/\/www.lsvoitelu.fi\/web\/wp-json\/wp\/v2\/comments?post=99"}],"version-history":[{"count":0,"href":"https:\/\/www.lsvoitelu.fi\/web\/wp-json\/wp\/v2\/pages\/99\/revisions"}],"up":[{"embeddable":true,"href":"https:\/\/www.lsvoitelu.fi\/web\/wp-json\/wp\/v2\/pages\/167"}],"wp:attachment":[{"href":"https:\/\/www.lsvoitelu.fi\/web\/wp-json\/wp\/v2\/media?parent=99"}],"curies":[{"name":"wp","href":"https:\/\/api.w.org\/{rel}","templated":true}]}}